{"id":4915,"date":"2026-03-05T16:50:30","date_gmt":"2026-03-05T13:50:30","guid":{"rendered":"https:\/\/www.eroglu.group\/?page_id=4915"},"modified":"2026-03-06T15:38:17","modified_gmt":"2026-03-06T12:38:17","slug":"urun-gruplarimiz","status":"publish","type":"page","link":"https:\/\/eroglu.group\/en\/urun-gruplarimiz\/","title":{"rendered":"\u00dcr\u00fcn Gruplar\u0131m\u0131z"},"content":{"rendered":"<div data-elementor-type=\"wp-page\" data-elementor-id=\"4915\" class=\"elementor elementor-4915\">\n\t\t\t\t<div class=\"elementor-element elementor-element-f834d02 e-flex e-con-boxed lakit-col-width-auto-no e-container e-root-container elementor-top-section e-con e-parent\" data-id=\"f834d02\" data-element_type=\"container\" data-e-type=\"container\">\n\t\t\t\t\t<div class=\"e-con-inner\">\n\t\t<div class=\"elementor-element elementor-element-a6b6275 e-con-full e-flex lakit-col-width-auto-no e-container e-con e-child\" data-id=\"a6b6275\" data-element_type=\"container\" data-e-type=\"container\">\n\t\t\t\t<div class=\"elementor-element elementor-element-bf8346e enable-c-height-true bannerlist--preset-default elementor-widget lastudio-kit elementor-lakit-banner-list\" data-id=\"bf8346e\" data-element_type=\"widget\" data-e-type=\"widget\" data-widget_type=\"lakit-banner-list.default\">\n\t\t\t\t\t\n<div class=\"lakit-bannerlist layout-type-flat preset-default\" data-item_selector=\".lakit-bannerlist__item\" >\n        <div class=\"lakit-bannerlist__list_wrapper\">\n        <div class=\"lakit-bannerlist__list col-row\">\n            <div class=\"elementor-repeater-item-cb06dac lakit-bannerlist__item col-desk-4 col-tabp-3 col-lap-4 col-tab-4\"><div class=\"lakit-bannerlist__inner\"><a href=\"https:\/\/www.eroglu.group\/mutfak-2\/\" class=\"lakit-bannerlist__link\"><div class=\"lakit-bannerlist__image\"><img loading=\"lazy\" decoding=\"async\" src=\"https:\/\/eroglu.group\/wp-content\/uploads\/2026\/03\/mutfak.png\" class=\"lakit-bannerlist__image-instance\" width=\"532\" height=\"532\" alt=\"\" style=\"--img-height:532px\"><\/div><div class=\"lakit-bannerlist__content\"><div class=\"lakit-bannerlist__content-inner\"><div class=\"lakit-bannerlist__title\" data-title=\"Mutfak\">Mutfak<\/div><\/div><\/div><\/a><\/div><\/div><div class=\"elementor-repeater-item-a8a9bf1 lakit-bannerlist__item col-desk-4 col-tabp-3 col-lap-4 col-tab-4\"><div class=\"lakit-bannerlist__inner\"><a href=\"https:\/\/www.eroglu.group\/banyo\/\" class=\"lakit-bannerlist__link\"><div class=\"lakit-bannerlist__image\"><img loading=\"lazy\" decoding=\"async\" src=\"https:\/\/eroglu.group\/wp-content\/uploads\/2026\/03\/banyo.png\" class=\"lakit-bannerlist__image-instance\" width=\"532\" height=\"532\" alt=\"\" style=\"--img-height:532px\"><\/div><div class=\"lakit-bannerlist__content\"><div class=\"lakit-bannerlist__content-inner\"><div class=\"lakit-bannerlist__title\" data-title=\"Banyo\">Banyo<\/div><\/div><\/div><\/a><\/div><\/div><div class=\"elementor-repeater-item-6a11ebf lakit-bannerlist__item col-desk-4 col-tabp-3 col-lap-4 col-tab-4\"><div class=\"lakit-bannerlist__inner\"><a href=\"https:\/\/www.eroglu.group\/elbise-dolaplari\/\" class=\"lakit-bannerlist__link\"><div class=\"lakit-bannerlist__image\"><img loading=\"lazy\" decoding=\"async\" src=\"https:\/\/eroglu.group\/wp-content\/uploads\/2026\/03\/elbise_dolabi-1.png\" class=\"lakit-bannerlist__image-instance\" width=\"532\" height=\"532\" alt=\"\" style=\"--img-height:532px\"><\/div><div class=\"lakit-bannerlist__content\"><div class=\"lakit-bannerlist__content-inner\"><div class=\"lakit-bannerlist__title\" data-title=\"Elbise Dolaplar\u0131\">Elbise Dolaplar\u0131<\/div><\/div><\/div><\/a><\/div><\/div><div class=\"elementor-repeater-item-3b3f212 lakit-bannerlist__item col-desk-4 col-tabp-3 col-lap-4 col-tab-4\"><div class=\"lakit-bannerlist__inner\"><a href=\"https:\/\/www.eroglu.group\/oturma-gruplari\/\" class=\"lakit-bannerlist__link\"><div class=\"lakit-bannerlist__image\"><img loading=\"lazy\" decoding=\"async\" src=\"https:\/\/eroglu.group\/wp-content\/uploads\/2026\/03\/oturma.png\" class=\"lakit-bannerlist__image-instance\" width=\"532\" height=\"532\" alt=\"\" style=\"--img-height:532px\"><\/div><div class=\"lakit-bannerlist__content\"><div class=\"lakit-bannerlist__content-inner\"><div class=\"lakit-bannerlist__title\" data-title=\"Oturma Gruplar\u0131\">Oturma Gruplar\u0131<\/div><\/div><\/div><\/a><\/div><\/div><div class=\"elementor-repeater-item-ab98d08 lakit-bannerlist__item col-desk-4 col-tabp-3 col-lap-4 col-tab-4\"><div class=\"lakit-bannerlist__inner\"><a href=\"https:\/\/www.eroglu.group\/kapi\/\" class=\"lakit-bannerlist__link\"><div class=\"lakit-bannerlist__image\"><img loading=\"lazy\" decoding=\"async\" src=\"https:\/\/eroglu.group\/wp-content\/uploads\/2026\/03\/kap.png\" class=\"lakit-bannerlist__image-instance\" width=\"532\" height=\"532\" alt=\"\" style=\"--img-height:532px\"><\/div><div class=\"lakit-bannerlist__content\"><div class=\"lakit-bannerlist__content-inner\"><div class=\"lakit-bannerlist__title\" data-title=\"Kap\u0131\">Kap\u0131<\/div><\/div><\/div><\/a><\/div><\/div><div class=\"elementor-repeater-item-785c059 lakit-bannerlist__item col-desk-4 col-tabp-3 col-lap-4 col-tab-4\"><div class=\"lakit-bannerlist__inner\"><a href=\"https:\/\/www.eroglu.group\/dekorasyon\/\" class=\"lakit-bannerlist__link\"><div class=\"lakit-bannerlist__image\"><img loading=\"lazy\" decoding=\"async\" src=\"https:\/\/eroglu.group\/wp-content\/uploads\/2026\/03\/dekorasyon.png\" class=\"lakit-bannerlist__image-instance\" width=\"532\" height=\"532\" alt=\"\" style=\"--img-height:532px\"><\/div><div class=\"lakit-bannerlist__content\"><div class=\"lakit-bannerlist__content-inner\"><div class=\"lakit-bannerlist__title\" data-title=\"Dekorasyon\">Dekorasyon<\/div><\/div><\/div><\/a><\/div><\/div><div class=\"elementor-repeater-item-f0aaaeb lakit-bannerlist__item col-desk-4 col-tabp-3 col-lap-4 col-tab-4\"><div class=\"lakit-bannerlist__inner\"><a href=\"https:\/\/www.eroglu.group\/konsept-tasarim\/\" class=\"lakit-bannerlist__link\"><div class=\"lakit-bannerlist__image\"><img loading=\"lazy\" decoding=\"async\" src=\"https:\/\/eroglu.group\/wp-content\/uploads\/2026\/03\/konsept_tasarim.png\" class=\"lakit-bannerlist__image-instance\" width=\"532\" height=\"532\" alt=\"\" style=\"--img-height:532px\"><\/div><div class=\"lakit-bannerlist__content\"><div class=\"lakit-bannerlist__content-inner\"><div class=\"lakit-bannerlist__title\" data-title=\"Konsept Tasar\u0131m\">Konsept Tasar\u0131m<\/div><\/div><\/div><\/a><\/div><\/div>        <\/div>\n    <\/div>\n    <\/div>\t\t\t\t<\/div>\n\t\t\t\t<\/div>\n\t\t\t\t\t<\/div>\n\t\t\t\t<\/div>\n\t\t\t\t<\/div>","protected":false},"excerpt":{"rendered":"<p>MutfakBanyoElbise Dolaplar\u0131Oturma Gruplar\u0131Kap\u0131DekorasyonKonsept Tasar\u0131m<\/p>","protected":false},"author":1,"featured_media":0,"parent":0,"menu_order":0,"comment_status":"closed","ping_status":"closed","template":"","meta":{"_joinchat":[],"footnotes":""},"class_list":["post-4915","page","type-page","status-publish","hentry"],"_links":{"self":[{"href":"https:\/\/eroglu.group\/en\/wp-json\/wp\/v2\/pages\/4915","targetHints":{"allow":["GET"]}}],"collection":[{"href":"https:\/\/eroglu.group\/en\/wp-json\/wp\/v2\/pages"}],"about":[{"href":"https:\/\/eroglu.group\/en\/wp-json\/wp\/v2\/types\/page"}],"author":[{"embeddable":true,"href":"https:\/\/eroglu.group\/en\/wp-json\/wp\/v2\/users\/1"}],"replies":[{"embeddable":true,"href":"https:\/\/eroglu.group\/en\/wp-json\/wp\/v2\/comments?post=4915"}],"version-history":[{"count":44,"href":"https:\/\/eroglu.group\/en\/wp-json\/wp\/v2\/pages\/4915\/revisions"}],"predecessor-version":[{"id":5108,"href":"https:\/\/eroglu.group\/en\/wp-json\/wp\/v2\/pages\/4915\/revisions\/5108"}],"wp:attachment":[{"href":"https:\/\/eroglu.group\/en\/wp-json\/wp\/v2\/media?parent=4915"}],"curies":[{"name":"wp","href":"https:\/\/api.w.org\/{rel}","templated":true}]}}