{"id":4930,"date":"2026-03-05T23:38:14","date_gmt":"2026-03-05T20:38:14","guid":{"rendered":"https:\/\/www.eroglu.group\/?page_id=4930"},"modified":"2026-03-06T12:10:30","modified_gmt":"2026-03-06T09:10:30","slug":"mutfak-2","status":"publish","type":"page","link":"https:\/\/eroglu.group\/de\/mutfak-2\/","title":{"rendered":"Mutfak"},"content":{"rendered":"<div data-elementor-type=\"wp-page\" data-elementor-id=\"4930\" class=\"elementor elementor-4930\">\n\t\t\t\t<div class=\"elementor-element elementor-element-bc40258 e-flex e-con-boxed lakit-col-width-auto-no e-container e-root-container elementor-top-section e-con e-parent\" data-id=\"bc40258\" data-element_type=\"container\" data-e-type=\"container\">\n\t\t\t\t\t<div class=\"e-con-inner\">\n\t\t<div class=\"elementor-element elementor-element-5add1ec e-con-full e-flex lakit-col-width-auto-no e-container e-con e-child\" data-id=\"5add1ec\" data-element_type=\"container\" data-e-type=\"container\">\n\t\t<div class=\"elementor-element elementor-element-51489cc e-con-full e-flex lakit-col-width-auto-no elementor-invisible e-container e-con e-child\" data-id=\"51489cc\" data-element_type=\"container\" data-e-type=\"container\" data-settings=\"{&quot;animation&quot;:&quot;lakitShortFadeInUp&quot;,&quot;animation_delay&quot;:200}\">\n\t\t\t\t<div class=\"elementor-element elementor-element-6f664cd elementor-widget elementor-widget-text-editor\" data-id=\"6f664cd\" data-element_type=\"widget\" data-e-type=\"widget\" data-widget_type=\"text-editor.default\">\n\t\t\t\t\t\t\t\t\t<p data-start=\"60\" data-end=\"410\">Mutfak dolaplar\u0131, mutfa\u011f\u0131n hem estetik g\u00f6r\u00fcn\u00fcm\u00fcn\u00fc hem de kullan\u0131m kolayl\u0131\u011f\u0131n\u0131 belirleyen en \u00f6nemli unsurlardan biridir. Do\u011fru tasarlanm\u0131\u015f mutfak dolaplar\u0131 sayesinde mutfa\u011f\u0131n\u0131z daha d\u00fczenli, ferah ve kullan\u0131\u015fl\u0131 bir hale gelir. Modern tasar\u0131m anlay\u0131\u015f\u0131yla \u00fcretilen dolap modelleri, farkl\u0131 renk ve malzeme se\u00e7enekleri ile her zevke ve mek\u00e2na uyum sa\u011flar.<\/p><p data-start=\"412\" data-end=\"725\">Kaliteli mutfak dolaplar\u0131 sadece g\u00f6rsel a\u00e7\u0131dan de\u011fil, dayan\u0131kl\u0131l\u0131k a\u00e7\u0131s\u0131ndan da b\u00fcy\u00fck avantaj sunar. Uzun \u00f6m\u00fcrl\u00fc malzemelerden \u00fcretilen dolaplar; nem, s\u0131cakl\u0131k ve g\u00fcnl\u00fck kullan\u0131m ko\u015fullar\u0131na kar\u015f\u0131 y\u00fcksek diren\u00e7 g\u00f6sterir. Bu sayede y\u0131llarca ilk g\u00fcnk\u00fc g\u00f6r\u00fcn\u00fcm\u00fcn\u00fc koruyarak mutfa\u011f\u0131n\u0131z\u0131n vazge\u00e7ilmez bir par\u00e7as\u0131 olur.<\/p>\t\t\t\t\t\t\t\t<\/div>\n\t\t\t\t<\/div>\n\t\t<div class=\"elementor-element elementor-element-77c9371 e-con-full e-flex lakit-col-width-auto-no elementor-invisible e-container e-con e-child\" data-id=\"77c9371\" data-element_type=\"container\" data-e-type=\"container\" data-settings=\"{&quot;animation&quot;:&quot;lakitShortFadeInUp&quot;,&quot;animation_delay&quot;:200}\">\n\t\t\t\t<div class=\"elementor-element elementor-element-d641a22 widget_full_right elementor-widget elementor-widget-spacer\" data-id=\"d641a22\" data-element_type=\"widget\" data-e-type=\"widget\" data-widget_type=\"spacer.default\">\n\t\t\t\t\t\t\t<div class=\"elementor-spacer\">\n\t\t\t<div class=\"elementor-spacer-inner\"><\/div>\n\t\t<\/div>\n\t\t\t\t\t\t<\/div>\n\t\t\t\t<\/div>\n\t\t\t\t<\/div>\n\t\t\t\t\t<\/div>\n\t\t\t\t<\/div>\n\t\t<div class=\"elementor-element elementor-element-2cfc62f e-flex e-con-boxed lakit-col-width-auto-no e-container e-root-container elementor-top-section e-con e-parent\" data-id=\"2cfc62f\" data-element_type=\"container\" data-e-type=\"container\" data-settings=\"{&quot;background_background&quot;:&quot;classic&quot;}\">\n\t\t\t\t\t<div class=\"e-con-inner\">\n\t\t<div class=\"elementor-element elementor-element-bc30c13 e-con-full e-flex lakit-col-width-auto-no elementor-invisible e-container e-con e-child\" data-id=\"bc30c13\" data-element_type=\"container\" data-e-type=\"container\" data-settings=\"{&quot;animation&quot;:&quot;lakitShortFadeInUp&quot;,&quot;animation_delay&quot;:200}\">\n\t\t\t\t<div class=\"elementor-element elementor-element-7cc3201 elementor-widget__width-initial elementor-widget-tablet__width-initial elementor-widget elementor-widget-image\" data-id=\"7cc3201\" data-element_type=\"widget\" data-e-type=\"widget\" data-settings=\"{&quot;motion_fx_motion_fx_scrolling&quot;:&quot;yes&quot;,&quot;motion_fx_translateY_effect&quot;:&quot;yes&quot;,&quot;motion_fx_translateY_direction&quot;:&quot;negative&quot;,&quot;motion_fx_translateY_speed&quot;:{&quot;unit&quot;:&quot;px&quot;,&quot;size&quot;:2,&quot;sizes&quot;:[]},&quot;motion_fx_translateY_affectedRange&quot;:{&quot;unit&quot;:&quot;%&quot;,&quot;size&quot;:&quot;&quot;,&quot;sizes&quot;:{&quot;start&quot;:20,&quot;end&quot;:80}},&quot;motion_fx_devices&quot;:[&quot;mobile&quot;,&quot;mobile_extra&quot;,&quot;tablet&quot;,&quot;laptop&quot;,&quot;desktop&quot;]}\" data-widget_type=\"image.default\">\n\t\t\t\t\t\t\t\t\t\t\t\t\t\t\t<img fetchpriority=\"high\" decoding=\"async\" width=\"980\" height=\"669\" src=\"https:\/\/eroglu.group\/wp-content\/uploads\/2026\/03\/c062216d-69ea-45c1-9fc5-be641eef8f16.jpg\" class=\"attachment-full size-full wp-image-5039\" alt=\"\" srcset=\"https:\/\/eroglu.group\/wp-content\/uploads\/2026\/03\/c062216d-69ea-45c1-9fc5-be641eef8f16.jpg 980w, https:\/\/eroglu.group\/wp-content\/uploads\/2026\/03\/c062216d-69ea-45c1-9fc5-be641eef8f16-18x12.jpg 18w\" sizes=\"(max-width: 980px) 100vw, 980px\" \/>\t\t\t\t\t\t\t\t\t\t\t\t\t\t\t<\/div>\n\t\t\t\t<\/div>\n\t\t<div class=\"elementor-element elementor-element-89a83b6 e-con-full e-flex lakit-col-width-auto-no elementor-invisible e-container e-con e-child\" data-id=\"89a83b6\" data-element_type=\"container\" data-e-type=\"container\" data-settings=\"{&quot;animation&quot;:&quot;lakitShortFadeInUp&quot;,&quot;animation_delay&quot;:200}\">\n\t\t\t\t<div class=\"elementor-element elementor-element-243b8c2 elementor-widget__width-initial elementor-widget elementor-widget-text-editor\" data-id=\"243b8c2\" data-element_type=\"widget\" data-e-type=\"widget\" data-widget_type=\"text-editor.default\">\n\t\t\t\t\t\t\t\t\t<p data-start=\"727\" data-end=\"1048\">Fonksiyonel tasar\u0131m detaylar\u0131 mutfak dolaplar\u0131n\u0131n kullan\u0131m\u0131n\u0131 \u00e7ok daha pratik hale getirir. Geni\u015f depolama alanlar\u0131, ak\u0131ll\u0131 raf sistemleri ve ergonomik \u00e7ekmeceler sayesinde mutfak e\u015fyalar\u0131n\u0131z\u0131 kolayca d\u00fczenleyebilirsiniz. B\u00f6ylece hem zamandan tasarruf eder hem de mutfakta \u00e7al\u0131\u015f\u0131rken daha konforlu bir deneyim ya\u015fars\u0131n\u0131z.<\/p><p data-start=\"1050\" data-end=\"1392\" data-is-last-node=\"\" data-is-only-node=\"\">Estetik, dayan\u0131kl\u0131l\u0131k ve i\u015flevselli\u011fi bir araya getiren mutfak dolaplar\u0131 ile hayalinizdeki mutfa\u011f\u0131 olu\u015fturabilirsiniz. \u0130ster modern ister klasik tarzda olsun, do\u011fru dolap se\u00e7imi mutfa\u011f\u0131n\u0131z\u0131n atmosferini tamamen de\u011fi\u015ftirir ve ya\u015fam alan\u0131n\u0131za de\u011fer katar. Mutfa\u011f\u0131n\u0131z\u0131 yenilemenin en etkili yolu kaliteli ve \u015f\u0131k mutfak dolaplar\u0131 tercih etmektir.<\/p>\t\t\t\t\t\t\t\t<\/div>\n\t\t\t\t<\/div>\n\t\t\t\t\t<\/div>\n\t\t\t\t<\/div>\n\t\t\t\t<\/div>","protected":false},"excerpt":{"rendered":"<p>Mutfak dolaplar\u0131, mutfa\u011f\u0131n hem estetik g\u00f6r\u00fcn\u00fcm\u00fcn\u00fc hem de kullan\u0131m kolayl\u0131\u011f\u0131n\u0131 belirleyen en \u00f6nemli unsurlardan biridir. Do\u011fru tasarlanm\u0131\u015f mutfak dolaplar\u0131 sayesinde mutfa\u011f\u0131n\u0131z daha d\u00fczenli, ferah ve kullan\u0131\u015fl\u0131 bir hale gelir. Modern tasar\u0131m anlay\u0131\u015f\u0131yla \u00fcretilen dolap modelleri, farkl\u0131 renk ve malzeme se\u00e7enekleri ile her zevke ve mek\u00e2na uyum sa\u011flar. Kaliteli mutfak dolaplar\u0131 sadece&hellip;<\/p>","protected":false},"author":1,"featured_media":0,"parent":0,"menu_order":0,"comment_status":"closed","ping_status":"closed","template":"","meta":{"_joinchat":[],"footnotes":""},"class_list":["post-4930","page","type-page","status-publish","hentry"],"_links":{"self":[{"href":"https:\/\/eroglu.group\/de\/wp-json\/wp\/v2\/pages\/4930","targetHints":{"allow":["GET"]}}],"collection":[{"href":"https:\/\/eroglu.group\/de\/wp-json\/wp\/v2\/pages"}],"about":[{"href":"https:\/\/eroglu.group\/de\/wp-json\/wp\/v2\/types\/page"}],"author":[{"embeddable":true,"href":"https:\/\/eroglu.group\/de\/wp-json\/wp\/v2\/users\/1"}],"replies":[{"embeddable":true,"href":"https:\/\/eroglu.group\/de\/wp-json\/wp\/v2\/comments?post=4930"}],"version-history":[{"count":49,"href":"https:\/\/eroglu.group\/de\/wp-json\/wp\/v2\/pages\/4930\/revisions"}],"predecessor-version":[{"id":5042,"href":"https:\/\/eroglu.group\/de\/wp-json\/wp\/v2\/pages\/4930\/revisions\/5042"}],"wp:attachment":[{"href":"https:\/\/eroglu.group\/de\/wp-json\/wp\/v2\/media?parent=4930"}],"curies":[{"name":"wp","href":"https:\/\/api.w.org\/{rel}","templated":true}]}}